{"id":52,"date":"2011-10-06T12:17:10","date_gmt":"2011-10-06T10:17:10","guid":{"rendered":"http:\/\/www.euroempresas.es\/interesante\/?page_id=52"},"modified":"2011-10-06T12:20:14","modified_gmt":"2011-10-06T10:20:14","slug":"publicacion-de-contenidos","status":"publish","type":"page","link":"http:\/\/www.euroempresas.es\/interesante\/publicacion-de-contenidos\/","title":{"rendered":"Publicaci\u00f3n de Contenidos"},"content":{"rendered":"<p>Si lo desea, puede publicar contenidos en nuestro portal. Para ello <a href=\"http:\/\/www.euroempresas.es\/interesante\/wp-login.php?action=register\">deber\u00e1 ser usuario registrado<\/a> y posteriormente enviar el art\u00edculo.<\/p>\n<ul>\n<li>El art\u00edculo que env\u00ede deber\u00e1 de ser de una calidad m\u00ednima.<\/li>\n<li>No podr\u00e1 tener menos de 255 palabras<\/li>\n<li>Deber\u00e1 tener una finalidad.<\/li>\n<li>No se permiten m\u00e1s de dos enlaces externos por art\u00edculo ni art\u00edculos meramente publicitarios.<\/li>\n<li>El art\u00edculo deber\u00e1 ser original y comprometerse a no ser publicado en otros sitios.<\/li>\n<\/ul>\n<p>Esperemos que comprenda estas pol\u00edticas de calidad.<\/p>\n","protected":false},"excerpt":{"rendered":"<p>Si lo desea, puede publicar contenidos en nuestro portal. Para ello deber\u00e1 ser usuario registrado y posteriormente enviar el art\u00edculo. El art\u00edculo que env\u00ede deber\u00e1 de ser de una calidad m\u00ednima. No podr\u00e1 tener menos de 255 palabras Deber\u00e1 tener una finalidad. No se permiten m\u00e1s de dos enlaces externos por art\u00edculo ni art\u00edculos meramente [&hellip;]<\/p>\n","protected":false},"author":1,"featured_media":0,"parent":0,"menu_order":0,"comment_status":"open","ping_status":"open","template":"","meta":{"footnotes":""},"class_list":["post-52","page","type-page","status-publish","hentry"],"_links":{"self":[{"href":"http:\/\/www.euroempresas.es\/interesante\/wp-json\/wp\/v2\/pages\/52"}],"collection":[{"href":"http:\/\/www.euroempresas.es\/interesante\/wp-json\/wp\/v2\/pages"}],"about":[{"href":"http:\/\/www.euroempresas.es\/interesante\/wp-json\/wp\/v2\/types\/page"}],"author":[{"embeddable":true,"href":"http:\/\/www.euroempresas.es\/interesante\/wp-json\/wp\/v2\/users\/1"}],"replies":[{"embeddable":true,"href":"http:\/\/www.euroempresas.es\/interesante\/wp-json\/wp\/v2\/comments?post=52"}],"version-history":[{"count":3,"href":"http:\/\/www.euroempresas.es\/interesante\/wp-json\/wp\/v2\/pages\/52\/revisions"}],"predecessor-version":[{"id":54,"href":"http:\/\/www.euroempresas.es\/interesante\/wp-json\/wp\/v2\/pages\/52\/revisions\/54"}],"wp:attachment":[{"href":"http:\/\/www.euroempresas.es\/interesante\/wp-json\/wp\/v2\/media?parent=52"}],"curies":[{"name":"wp","href":"https:\/\/api.w.org\/{rel}","templated":true}]}}